{"id":5032,"date":"2020-04-01T17:42:44","date_gmt":"2020-04-01T17:42:44","guid":{"rendered":"http:\/\/logagil.com\/index.php\/materialis\/"},"modified":"2025-03-02T07:57:54","modified_gmt":"2025-03-02T07:57:54","slug":"materialis","status":"publish","type":"page","link":"https:\/\/logagil.com\/","title":{"rendered":"LOGAGIL ?"},"content":{"rendered":"\n<div class=\"wp-block-columns is-layout-flex wp-container-core-columns-is-layout-1 wp-block-columns-is-layout-flex\">\n<div class=\"wp-block-column is-layout-flow wp-block-column-is-layout-flow\">\n<h3 class=\"wp-block-heading has-text-align-center has-contrast-color has-text-color\">ACCOMPAGNER<\/h3>\n\n\n\n<p>Vous aider dans vos projets ou le pilotage de vos activit\u00e9s Logistiques et Supply Chain<\/p>\n<\/div>\n\n\n\n<div class=\"wp-block-column is-layout-flow wp-block-column-is-layout-flow\">\n<h3 class=\"wp-block-heading has-text-align-center has-contrast-color has-text-color\">FORMER<\/h3>\n\n\n\n<p>Vous proposer des modules sur les comp\u00e9tences socles en Supply Chain<\/p>\n<\/div>\n<\/div>\n\n\n\n<p class=\"has-text-align-center\"><strong>Avec une approche tr\u00e8s pragmatique, je propose de mettre mon exp\u00e9rience \u00e0 votre service pour vous accompagner et\/ou concevoir des modules de formations personnalis\u00e9s.&nbsp;<\/strong><\/p>\n\n\n\n<figure class=\"wp-block-gallery has-nested-images columns-default is-cropped wp-block-gallery-1 is-layout-flex wp-block-gallery-is-layout-flex\">\n<figure class=\"wp-block-image size-large\"><img loading=\"lazy\" decoding=\"async\" width=\"1024\" height=\"682\" data-id=\"5096\" src=\"https:\/\/logagil.com\/wp-content\/uploads\/2020\/04\/cropped-Transstockeur-1024x682.jpg\" alt=\"\" class=\"wp-image-5096\" srcset=\"https:\/\/logagil.com\/wp-content\/uploads\/2020\/04\/cropped-Transstockeur-1024x682.jpg 1024w, https:\/\/logagil.com\/wp-content\/uploads\/2020\/04\/cropped-Transstockeur-300x200.jpg 300w, https:\/\/logagil.com\/wp-content\/uploads\/2020\/04\/cropped-Transstockeur-768x512.jpg 768w, https:\/\/logagil.com\/wp-content\/uploads\/2020\/04\/cropped-Transstockeur.jpg 1177w\" sizes=\"auto, (max-width: 1024px) 100vw, 1024px\" \/><\/figure>\n\n\n\n<figure class=\"wp-block-image size-large\"><img loading=\"lazy\" decoding=\"async\" width=\"1024\" height=\"682\" data-id=\"5091\" src=\"https:\/\/logagil.com\/wp-content\/uploads\/2020\/04\/cropped-Capture-d\u2019\u00e9cran-2020-01-26-\u00e0-18.11.03-1024x682.png\" alt=\"\" class=\"wp-image-5091\" srcset=\"https:\/\/logagil.com\/wp-content\/uploads\/2020\/04\/cropped-Capture-d\u2019\u00e9cran-2020-01-26-\u00e0-18.11.03-1024x682.png 1024w, https:\/\/logagil.com\/wp-content\/uploads\/2020\/04\/cropped-Capture-d\u2019\u00e9cran-2020-01-26-\u00e0-18.11.03-300x200.png 300w, https:\/\/logagil.com\/wp-content\/uploads\/2020\/04\/cropped-Capture-d\u2019\u00e9cran-2020-01-26-\u00e0-18.11.03-768x512.png 768w, https:\/\/logagil.com\/wp-content\/uploads\/2020\/04\/cropped-Capture-d\u2019\u00e9cran-2020-01-26-\u00e0-18.11.03.png 1051w\" sizes=\"auto, (max-width: 1024px) 100vw, 1024px\" \/><\/figure>\n\n\n\n<figure class=\"wp-block-image size-large\"><img loading=\"lazy\" decoding=\"async\" width=\"1024\" height=\"682\" data-id=\"5098\" src=\"https:\/\/logagil.com\/wp-content\/uploads\/2017\/03\/cropped-ENTREPOT_BD-1024x682.jpg\" alt=\"\" class=\"wp-image-5098\" srcset=\"https:\/\/logagil.com\/wp-content\/uploads\/2017\/03\/cropped-ENTREPOT_BD-1024x682.jpg 1024w, https:\/\/logagil.com\/wp-content\/uploads\/2017\/03\/cropped-ENTREPOT_BD-300x200.jpg 300w, https:\/\/logagil.com\/wp-content\/uploads\/2017\/03\/cropped-ENTREPOT_BD-768x511.jpg 768w, https:\/\/logagil.com\/wp-content\/uploads\/2017\/03\/cropped-ENTREPOT_BD-1536x1022.jpg 1536w, https:\/\/logagil.com\/wp-content\/uploads\/2017\/03\/cropped-ENTREPOT_BD-2048x1363.jpg 2048w, https:\/\/logagil.com\/wp-content\/uploads\/2017\/03\/cropped-ENTREPOT_BD-1232x820.jpg 1232w, https:\/\/logagil.com\/wp-content\/uploads\/2017\/03\/cropped-ENTREPOT_BD-1623x1080.jpg 1623w\" sizes=\"auto, (max-width: 1024px) 100vw, 1024px\" \/><\/figure>\n\n\n\n<figure class=\"wp-block-image size-large\"><img loading=\"lazy\" decoding=\"async\" width=\"800\" height=\"533\" data-id=\"5066\" src=\"https:\/\/logagil.com\/wp-content\/uploads\/2017\/07\/cropped-Trieur-vu-croissement-e1499343549856.jpg\" alt=\"\" class=\"wp-image-5066\" srcset=\"https:\/\/logagil.com\/wp-content\/uploads\/2017\/07\/cropped-Trieur-vu-croissement-e1499343549856.jpg 800w, https:\/\/logagil.com\/wp-content\/uploads\/2017\/07\/cropped-Trieur-vu-croissement-e1499343549856-300x200.jpg 300w, https:\/\/logagil.com\/wp-content\/uploads\/2017\/07\/cropped-Trieur-vu-croissement-e1499343549856-768x512.jpg 768w\" sizes=\"auto, (max-width: 800px) 100vw, 800px\" \/><\/figure>\n<\/figure>\n\n\n\n<p>Pour me contacter :<\/p>\n\n\n\n<p class=\"has-text-align-center\"><a href=\"mailto:jlboivin@logagil.com\">jlboivin@logagil.com<\/a><\/p>\n\n\n\n<p class=\"has-text-align-center\">Tel : 06.02.11.65.36<\/p>\n\n\n\n<p><\/p>\n","protected":false},"excerpt":{"rendered":"<p>ACCOMPAGNER Vous aider dans vos projets ou le pilotage de vos activit\u00e9s Logistiques et Supply Chain FORMER Vous proposer des modules sur les comp\u00e9tences socles en Supply Chain Avec une approche tr\u00e8s pragmatique, je propose de mettre mon exp\u00e9rience \u00e0 votre service pour vous accompagner et\/ou concevoir des modules de formations personnalis\u00e9s.&nbsp; Pour me contacter [&hellip;]<\/p>\n","protected":false},"author":1,"featured_media":5112,"parent":0,"menu_order":0,"comment_status":"closed","ping_status":"closed","template":"page-templates\/homepage.php","meta":{"footnotes":""},"class_list":["post-5032","page","type-page","status-publish","has-post-thumbnail","hentry"],"_links":{"self":[{"href":"https:\/\/logagil.com\/index.php\/wp-json\/wp\/v2\/pages\/5032","targetHints":{"allow":["GET"]}}],"collection":[{"href":"https:\/\/logagil.com\/index.php\/wp-json\/wp\/v2\/pages"}],"about":[{"href":"https:\/\/logagil.com\/index.php\/wp-json\/wp\/v2\/types\/page"}],"author":[{"embeddable":true,"href":"https:\/\/logagil.com\/index.php\/wp-json\/wp\/v2\/users\/1"}],"replies":[{"embeddable":true,"href":"https:\/\/logagil.com\/index.php\/wp-json\/wp\/v2\/comments?post=5032"}],"version-history":[{"count":43,"href":"https:\/\/logagil.com\/index.php\/wp-json\/wp\/v2\/pages\/5032\/revisions"}],"predecessor-version":[{"id":5271,"href":"https:\/\/logagil.com\/index.php\/wp-json\/wp\/v2\/pages\/5032\/revisions\/5271"}],"wp:featuredmedia":[{"embeddable":true,"href":"https:\/\/logagil.com\/index.php\/wp-json\/wp\/v2\/media\/5112"}],"wp:attachment":[{"href":"https:\/\/logagil.com\/index.php\/wp-json\/wp\/v2\/media?parent=5032"}],"curies":[{"name":"wp","href":"https:\/\/api.w.org\/{rel}","templated":true}]}}